{"id":115,"date":"2024-08-28T12:59:21","date_gmt":"2024-08-28T10:59:21","guid":{"rendered":"https:\/\/vsvk.sk\/?page_id=115"},"modified":"2025-07-21T15:15:20","modified_gmt":"2025-07-21T13:15:20","slug":"s2d-app","status":"publish","type":"page","link":"https:\/\/s2dapp.sk\/en\/","title":{"rendered":"Domov"},"content":{"rendered":"<div class=\"wp-block-columns is-layout-flex wp-container-core-columns-is-layout-28f84493 wp-block-columns-is-layout-flex\">\n<div class=\"wp-block-column is-layout-flow wp-block-column-is-layout-flow\" style=\"flex-basis:100%\">\n<figure class=\"wp-block-image is-resized\"><img decoding=\"async\" src=\"https:\/\/vsvk.sk\/wp-content\/uploads\/2024\/08\/cropped-cropped-cropped-logo3-1-1-150x150.png\" alt=\"\" style=\"width:61px;height:auto\"\/><\/figure>\n<\/div>\n<\/div>\n\n\n\n<div class=\"wp-block-cover alignfull is-light has-parallax\" style=\"margin-top:0;min-height:190px;aspect-ratio:unset;\"><div class=\"wp-block-cover__image-background wp-image-65 has-parallax\" style=\"background-position:50% 50%;background-image:url(https:\/\/vsvk.sk\/wp-content\/uploads\/2024\/08\/cropped-cropped-image-1.jpeg)\"><\/div><span aria-hidden=\"true\" class=\"wp-block-cover__background has-black-background-color has-background-dim-0 has-background-dim\"><\/span><div class=\"wp-block-cover__inner-container is-layout-flow wp-block-cover-is-layout-flow\">\n<p class=\"has-text-align-center has-foreground-color has-text-color has-link-color wp-elements-d284bf5d9c63f836ff26df870958411f\" style=\"font-size:50px\">Home<\/p>\n<\/div><\/div>\n\n\n\n<p class=\"has-text-align-center has-vivid-red-color has-text-color has-link-color wp-elements-6dd4fc7f011634c1df36a357058037be\">We<\/p>\n\n\n\n<div class=\"wp-block-cover alignwide wp-block-section wp-block-header-media-no-image\"><span aria-hidden=\"true\" class=\"wp-block-cover__background has-background-background-color has-background-dim-0 has-background-dim\"><\/span><div class=\"wp-block-cover__inner-container is-layout-flow wp-block-cover-is-layout-flow\">\n<div class=\"wp-block-group is-layout-constrained wp-block-group-is-layout-constrained\">\n<div class=\"wp-block-group header-title-wrapper is-content-justification-center is-layout-constrained wp-block-group-is-layout-constrained\">\n<div class=\"wp-block-group header-animate-wrap is-layout-constrained wp-block-group-is-layout-constrained\">\n<h2 class=\"wp-block-heading has-text-align-center header-animate has-huge-font-size\" style=\"font-style:normal;font-weight:500\">We<\/h2>\n<\/div>\n\n\n\n<div class=\"wp-block-group header-animate-wrap is-layout-constrained wp-block-group-is-layout-constrained\">\n<h2 class=\"wp-block-heading has-text-align-center header-animate has-huge-font-size\" style=\"font-style:normal;font-weight:500\">build<\/h2>\n<\/div>\n\n\n\n<div class=\"wp-block-group header-animate-wrap is-layout-constrained wp-block-group-is-layout-constrained\">\n<h2 class=\"wp-block-heading has-text-align-center header-animate has-huge-font-size\" style=\"font-style:normal;font-weight:500\">digital<\/h2>\n<\/div>\n\n\n\n<div class=\"wp-block-group header-animate-wrap is-layout-constrained wp-block-group-is-layout-constrained\">\n<h2 class=\"wp-block-heading has-text-align-center header-animate has-huge-font-size\" style=\"font-style:normal;font-weight:500\">experiences.<\/h2>\n<\/div>\n<\/div>\n\n\n\n<p class=\"has-text-align-center has-body-text-color has-text-color has-content-heading-font-size\">We collaborate with smart and creative people to build awesome WordPress Full Site Editing Themes.<\/p>\n\n\n\n<div class=\"wp-block-buttons is-content-justification-center is-layout-flex wp-container-core-buttons-is-layout-a7dad5d3 wp-block-buttons-is-layout-flex\" style=\"margin-top:14px\">\n<div class=\"wp-block-button\"><a class=\"wp-block-button__link wp-element-button\">Get Started<\/a><\/div>\n<\/div>\n<\/div>\n<\/div><\/div>\n\n\n\n<figure class=\"wp-block-video alignwide\"><video controls poster=\"https:\/\/vsvk.sk\/wp-content\/themes\/bizboost\/assets\/images\/video-featured.jpg\" src=\"https:\/\/vsvk.sk\/wp-content\/themes\/bizboost\/assets\/video\/video-featured.mp4\"><\/video><\/figure>\n\n\n\n<div class=\"wp-block-media-text alignwide is-stacked-on-mobile\" style=\"grid-template-columns:40% auto\"><figure class=\"wp-block-media-text__media\"><img decoding=\"async\" src=\"https:\/\/vsvk.sk\/wp-content\/themes\/bizboost\/assets\/images\/hero-content.png\" alt=\"\"\/><\/figure><div class=\"wp-block-media-text__content\">\n<div class=\"wp-block-group wp-block-group-heading is-layout-flow wp-container-core-group-is-layout-dc10bc65 wp-block-group-is-layout-flow\">\n<h6 class=\"wp-block-heading has-text-align-left has-vivid-red-color has-text-color has-medium-font-size\" style=\"font-style:normal;font-weight:600;line-height:1.8;text-transform:uppercase\">ABOUT US<\/h6>\n\n\n\n<h2 class=\"wp-block-heading has-text-align-left\">We solve creative delusions efficiently<\/h2>\n<\/div>\n\n\n\n<p class=\"has-text-align-left\">The display employs new techniques and technology to\nprecisely follow the curves of the design, all the way to the elegantly rounded corners.<\/p>\n\n\n\n<div class=\"wp-block-buttons is-content-justification-left is-layout-flex wp-container-core-buttons-is-layout-fc4fd283 wp-block-buttons-is-layout-flex\">\n<div class=\"wp-block-button\"><a class=\"wp-block-button__link has-vivid-red-background-color has-background wp-element-button\">Get Started<\/a><\/div>\n<\/div>\n<\/div><\/div>\n\n\n\n<div class=\"wp-block-group alignfull wp-block-section wp-block-stats is-layout-constrained wp-block-group-is-layout-constrained\">\n<div class=\"wp-block-columns alignwide stats-four-columns is-layout-flex wp-container-core-columns-is-layout-28f84493 wp-block-columns-is-layout-flex\">\n<div class=\"wp-block-column is-layout-flow wp-block-column-is-layout-flow\">\n<div class=\"wp-block-group stat-block is-layout-flow wp-block-group-is-layout-flow\">\n<h2 class=\"wp-block-heading has-text-align-center\">95<\/h2>\n\n\n\n<p class=\"has-text-align-center\">Projects Completed<\/p>\n<\/div>\n<\/div>\n\n\n\n<div class=\"wp-block-column is-layout-flow wp-block-column-is-layout-flow\">\n<div class=\"wp-block-group stat-block is-layout-flow wp-block-group-is-layout-flow\">\n<h2 class=\"wp-block-heading has-text-align-center\">2310<\/h2>\n\n\n\n<p class=\"has-text-align-center\">Happy Clients<\/p>\n<\/div>\n<\/div>\n\n\n\n<div class=\"wp-block-column is-layout-flow wp-block-column-is-layout-flow\">\n<div class=\"wp-block-group stat-block is-layout-flow wp-block-group-is-layout-flow\">\n<h2 class=\"wp-block-heading has-text-align-center\">215<\/h2>\n\n\n\n<p class=\"has-text-align-center\">Hours Spents<\/p>\n<\/div>\n<\/div>\n\n\n\n<div class=\"wp-block-column is-layout-flow wp-block-column-is-layout-flow\">\n<div class=\"wp-block-group stat-block is-layout-flow wp-block-group-is-layout-flow\">\n<h2 class=\"wp-block-heading has-text-align-center\">479<\/h2>\n\n\n\n<p class=\"has-text-align-center\">Members<\/p>\n<\/div>\n<\/div>\n<\/div>\n<\/div>\n\n\n\n<div class=\"wp-block-group alignfull wp-block-section wp-block-feature-content is-layout-constrained wp-block-group-is-layout-constrained\">\n<h6 class=\"wp-block-heading has-text-align-center has-vivid-red-color has-text-color has-medium-font-size\" style=\"font-style:normal;font-weight:600;line-height:1.8;text-transform:uppercase\">NEWS<\/h6>\n\n\n\n<div class=\"wp-block-group alignwide wp-block-group-heading is-layout-flow wp-container-core-group-is-layout-dc10bc65 wp-block-group-is-layout-flow\">\n<h2 class=\"wp-block-heading has-text-align-center\">STORIES<\/h2>\n<\/div>\n\n\n\n<div class=\"wp-block-group alignwide wp-block-group-content is-layout-flow wp-block-group-is-layout-flow\">\n<div class=\"wp-block-columns alignwide is-layout-flex wp-container-core-columns-is-layout-28f84493 wp-block-columns-is-layout-flex\">\n<div class=\"wp-block-column is-layout-flow wp-block-column-is-layout-flow\">\n<div class=\"wp-block-group wp-block-post-group is-layout-flow wp-block-group-is-layout-flow\">\n<figure class=\"wp-block-image size-full\"><img decoding=\"async\" src=\"https:\/\/vsvk.sk\/wp-content\/themes\/bizboost\/assets\/images\/featured-content-1.jpg\" alt=\"\"\/><\/figure>\n\n\n\n<div class=\"wp-block-group wp-block-entry-content is-layout-flow wp-block-group-is-layout-flow\">\n<h2 class=\"wp-block-heading has-content-heading-font-size\">Creative Lights<\/h2>\n\n\n\n<p>Lorem ipsum dolor sit amet consecte tur adipiscing elit integer fermentum in orci lorem ipsum.<\/p>\n\n\n\n<div class=\"wp-block-buttons is-layout-flex wp-block-buttons-is-layout-flex\">\n<div class=\"wp-block-button is-style-outline is-style-outline--1\"><a class=\"wp-block-button__link has-body-text-color has-text-color has-link-color wp-element-button\">View More<\/a><\/div>\n<\/div>\n<\/div>\n<\/div>\n<\/div>\n\n\n\n<div class=\"wp-block-column is-layout-flow wp-block-column-is-layout-flow\">\n<div class=\"wp-block-group wp-block-post-group is-layout-flow wp-block-group-is-layout-flow\">\n<figure class=\"wp-block-image size-full\"><img decoding=\"async\" src=\"https:\/\/vsvk.sk\/wp-content\/themes\/bizboost\/assets\/images\/featured-content-2.jpg\" alt=\"\"\/><\/figure>\n\n\n\n<div class=\"wp-block-group wp-block-entry-content is-layout-flow wp-block-group-is-layout-flow\">\n<h2 class=\"wp-block-heading has-content-heading-font-size\">Mobile<\/h2>\n\n\n\n<p>Lorem ipsum dolor sit amet consecte tur adipiscing elit integer fermentum in orci lorem ipsum.<\/p>\n\n\n\n<div class=\"wp-block-buttons is-layout-flex wp-block-buttons-is-layout-flex\">\n<div class=\"wp-block-button is-style-outline is-style-outline--2\"><a class=\"wp-block-button__link has-body-text-color has-text-color has-link-color wp-element-button\">View More<\/a><\/div>\n<\/div>\n<\/div>\n<\/div>\n<\/div>\n\n\n\n<div class=\"wp-block-column is-layout-flow wp-block-column-is-layout-flow\">\n<div class=\"wp-block-group wp-block-post-group is-layout-flow wp-block-group-is-layout-flow\">\n<figure class=\"wp-block-image size-full\"><img decoding=\"async\" src=\"https:\/\/vsvk.sk\/wp-content\/themes\/bizboost\/assets\/images\/featured-content-3.jpg\" alt=\"\"\/><\/figure>\n\n\n\n<div class=\"wp-block-group wp-block-entry-content is-layout-flow wp-block-group-is-layout-flow\">\n<h2 class=\"wp-block-heading has-content-heading-font-size\">Vintage Camera<\/h2>\n\n\n\n<p>Lorem ipsum dolor sit amet consecte tur adipiscing elit integer fermentum in orci lorem ipsum.<\/p>\n\n\n\n<div class=\"wp-block-buttons is-layout-flex wp-block-buttons-is-layout-flex\">\n<div class=\"wp-block-button is-style-outline is-style-outline--3\"><a class=\"wp-block-button__link has-body-text-color has-text-color has-link-color wp-element-button\">View More<\/a><\/div>\n<\/div>\n<\/div>\n<\/div>\n<\/div>\n<\/div>\n<\/div>\n<\/div>\n\n\n\n<h6 class=\"wp-block-heading has-text-align-center has-vivid-red-color has-text-color has-medium-font-size\" style=\"font-style:normal;font-weight:600;line-height:1.8;text-transform:uppercase\">zoznam<\/h6>\n\n\n\n<div class=\"wp-block-group alignfull wp-block-section wp-block-feature-content is-layout-constrained wp-block-group-is-layout-constrained\">\n<div class=\"wp-block-group alignwide wp-block-group-heading is-layout-flow wp-container-core-group-is-layout-dc10bc65 wp-block-group-is-layout-flow\">\n<h2 class=\"wp-block-heading has-text-align-center\">MEMBERS<\/h2>\n<\/div>\n\n\n\n<div class=\"wp-block-group alignwide wp-block-group-content is-layout-flow wp-block-group-is-layout-flow\">\n<div class=\"wp-block-columns alignwide is-layout-flex wp-container-core-columns-is-layout-28f84493 wp-block-columns-is-layout-flex\">\n<div class=\"wp-block-column is-layout-flow wp-block-column-is-layout-flow\">\n<ul class=\"wp-block-list\">\n<li>FGFB<\/li>\n\n\n\n<li>DFBVFDVF<\/li>\n<\/ul>\n<\/div>\n<\/div>\n<\/div>\n<\/div>\n\n\n\n<div class=\"wp-block-cover alignfull wp-block-section wp-block-cta wp-block-promotional-contact\" style=\"min-height:291px;aspect-ratio:unset;\"><img decoding=\"async\" class=\"wp-block-cover__image-background\" alt=\"\" src=\"https:\/\/vsvk.sk\/wp-content\/themes\/bizboost\/assets\/images\/promotional-contact.jpg\" data-object-fit=\"cover\"\/><span aria-hidden=\"true\" class=\"wp-block-cover__background has-background-dim-60 has-background-dim\"><\/span><div class=\"wp-block-cover__inner-container is-layout-flow wp-block-cover-is-layout-flow\">\n<div class=\"wp-block-group is-layout-constrained wp-block-group-is-layout-constrained\">\n<div class=\"wp-block-group is-layout-flow wp-container-core-group-is-layout-663b3283 wp-block-group-is-layout-flow\">\n<div class=\"wp-block-group wp-block-group-heading is-layout-flow wp-block-group-is-layout-flow\">\n<h6 class=\"wp-block-heading has-text-align-center has-vivid-red-color has-text-color has-medium-font-size\" style=\"font-style:normal;font-weight:600;line-height:1.8;text-transform:uppercase\">Promotional Contact<\/h6>\n\n\n\n<h2 class=\"wp-block-heading has-text-align-center\">Ready to work together?<\/h2>\n<\/div>\n\n\n\n<div class=\"wp-block-buttons is-content-justification-center is-layout-flex wp-container-core-buttons-is-layout-a89b3969 wp-block-buttons-is-layout-flex\">\n<div class=\"wp-block-button\"><a class=\"wp-block-button__link has-vivid-red-background-color has-background wp-element-button\">Contact Us<\/a><\/div>\n<\/div>\n<\/div>\n<\/div>\n<\/div><\/div>","protected":false},"excerpt":{"rendered":"<p>We 95 Projects Completed 2310 Happy Clients 215 Hours Spents 479 Members NEWS STORIES Creative Lights Lorem ipsum dolor sit amet consecte tur adipiscing elit integer fermentum in orci lorem ipsum. Mobile Lorem ipsum dolor sit amet consecte tur adipiscing elit integer fermentum in orci lorem ipsum. Vintage Camera Lorem ipsum dolor sit amet consecte [&hellip;]<\/p>","protected":false},"author":3,"featured_media":0,"parent":0,"menu_order":0,"comment_status":"closed","ping_status":"closed","template":"","meta":{"footnotes":""},"class_list":["post-115","page","type-page","status-publish","hentry"],"yoast_head":"<!-- This site is optimized with the Yoast SEO plugin v25.6 - https:\/\/yoast.com\/wordpress\/plugins\/seo\/ -->\n<title>Home - S2D App<\/title>\n<meta name=\"description\" content=\"Projekt s n\u00e1zvom \u201eApp Driven Multisensor Solution: Bridging Sensors to Digits\u201c (akronym S2D App) sa zaober\u00e1 z\u00e1kladn\u00fdm v\u00fdskumom zameran\u00fdm na v\u00fdvoj multisenzora, ktor\u00fd spolu so softv\u00e9rovou aplik\u00e1ciou predstavuje prelomov\u00fa met\u00f3du pre samodiagnostiku pacientov.\" \/>\n<meta name=\"robots\" content=\"index, follow, max-snippet:-1, max-image-preview:large, max-video-preview:-1\" \/>\n<link rel=\"canonical\" href=\"https:\/\/s2dapp.sk\/en\/\" \/>\n<meta property=\"og:locale\" content=\"en_GB\" \/>\n<meta property=\"og:type\" content=\"article\" \/>\n<meta property=\"og:title\" content=\"Home - S2D App\" \/>\n<meta property=\"og:description\" content=\"Projekt s n\u00e1zvom \u201eApp Driven Multisensor Solution: Bridging Sensors to Digits\u201c (akronym S2D App) sa zaober\u00e1 z\u00e1kladn\u00fdm v\u00fdskumom zameran\u00fdm na v\u00fdvoj multisenzora, ktor\u00fd spolu so softv\u00e9rovou aplik\u00e1ciou predstavuje prelomov\u00fa met\u00f3du pre samodiagnostiku pacientov.\" \/>\n<meta property=\"og:url\" content=\"https:\/\/s2dapp.sk\/en\/\" \/>\n<meta property=\"og:site_name\" content=\"S2D App\" \/>\n<meta property=\"article:modified_time\" content=\"2025-07-21T13:15:20+00:00\" \/>\n<meta property=\"og:image\" content=\"https:\/\/vsvk.sk\/wp-content\/uploads\/2024\/08\/cropped-cropped-cropped-logo3-1-1-150x150.png\" \/>\n<meta name=\"twitter:card\" content=\"summary_large_image\" \/>\n<meta name=\"twitter:label1\" content=\"Estimated reading time\" \/>\n\t<meta name=\"twitter:data1\" content=\"2 minutes\" \/>\n<script type=\"application\/ld+json\" class=\"yoast-schema-graph\">{\"@context\":\"https:\/\/schema.org\",\"@graph\":[{\"@type\":\"WebPage\",\"@id\":\"https:\/\/s2dapp.sk\/\",\"url\":\"https:\/\/s2dapp.sk\/\",\"name\":\"Home - S2D App\",\"isPartOf\":{\"@id\":\"https:\/\/s2dapp.sk\/#website\"},\"primaryImageOfPage\":{\"@id\":\"https:\/\/s2dapp.sk\/#primaryimage\"},\"image\":{\"@id\":\"https:\/\/s2dapp.sk\/#primaryimage\"},\"thumbnailUrl\":\"https:\/\/vsvk.sk\/wp-content\/uploads\/2024\/08\/cropped-cropped-cropped-logo3-1-1-150x150.png\",\"datePublished\":\"2024-08-28T10:59:21+00:00\",\"dateModified\":\"2025-07-21T13:15:20+00:00\",\"description\":\"Projekt s n\u00e1zvom \u201eApp Driven Multisensor Solution: Bridging Sensors to Digits\u201c (akronym S2D App) sa zaober\u00e1 z\u00e1kladn\u00fdm v\u00fdskumom zameran\u00fdm na v\u00fdvoj multisenzora, ktor\u00fd spolu so softv\u00e9rovou aplik\u00e1ciou predstavuje prelomov\u00fa met\u00f3du pre samodiagnostiku pacientov.\",\"breadcrumb\":{\"@id\":\"https:\/\/s2dapp.sk\/#breadcrumb\"},\"inLanguage\":\"en-GB\",\"potentialAction\":[{\"@type\":\"ReadAction\",\"target\":[\"https:\/\/s2dapp.sk\/\"]}]},{\"@type\":\"ImageObject\",\"inLanguage\":\"en-GB\",\"@id\":\"https:\/\/s2dapp.sk\/#primaryimage\",\"url\":\"https:\/\/vsvk.sk\/wp-content\/uploads\/2024\/08\/cropped-cropped-cropped-logo3-1-1-150x150.png\",\"contentUrl\":\"https:\/\/vsvk.sk\/wp-content\/uploads\/2024\/08\/cropped-cropped-cropped-logo3-1-1-150x150.png\"},{\"@type\":\"BreadcrumbList\",\"@id\":\"https:\/\/s2dapp.sk\/#breadcrumb\",\"itemListElement\":[{\"@type\":\"ListItem\",\"position\":1,\"name\":\"Domovsk\u00e1 str\u00e1nka\",\"item\":\"https:\/\/s2dapp.sk\/\"},{\"@type\":\"ListItem\",\"position\":2,\"name\":\"Home\"}]},{\"@type\":\"WebSite\",\"@id\":\"https:\/\/s2dapp.sk\/#website\",\"url\":\"https:\/\/s2dapp.sk\/\",\"name\":\"S2D App\",\"description\":\"\",\"publisher\":{\"@id\":\"https:\/\/s2dapp.sk\/#organization\"},\"potentialAction\":[{\"@type\":\"SearchAction\",\"target\":{\"@type\":\"EntryPoint\",\"urlTemplate\":\"https:\/\/s2dapp.sk\/?s={search_term_string}\"},\"query-input\":{\"@type\":\"PropertyValueSpecification\",\"valueRequired\":true,\"valueName\":\"search_term_string\"}}],\"inLanguage\":\"en-GB\"},{\"@type\":\"Organization\",\"@id\":\"https:\/\/s2dapp.sk\/#organization\",\"name\":\"S2D App\",\"url\":\"https:\/\/s2dapp.sk\/\",\"logo\":{\"@type\":\"ImageObject\",\"inLanguage\":\"en-GB\",\"@id\":\"https:\/\/s2dapp.sk\/#\/schema\/logo\/image\/\",\"url\":\"https:\/\/s2dapp.sk\/wp-content\/uploads\/2024\/08\/sd2app-2-1.png\",\"contentUrl\":\"https:\/\/s2dapp.sk\/wp-content\/uploads\/2024\/08\/sd2app-2-1.png\",\"width\":336,\"height\":351,\"caption\":\"S2D App\"},\"image\":{\"@id\":\"https:\/\/s2dapp.sk\/#\/schema\/logo\/image\/\"}}]}<\/script>\n<!-- \/ Yoast SEO plugin. -->","yoast_head_json":{"title":"Home - S2D App","description":"Projekt s n\u00e1zvom \u201eApp Driven Multisensor Solution: Bridging Sensors to Digits\u201c (akronym S2D App) sa zaober\u00e1 z\u00e1kladn\u00fdm v\u00fdskumom zameran\u00fdm na v\u00fdvoj multisenzora, ktor\u00fd spolu so softv\u00e9rovou aplik\u00e1ciou predstavuje prelomov\u00fa met\u00f3du pre samodiagnostiku pacientov.","robots":{"index":"index","follow":"follow","max-snippet":"max-snippet:-1","max-image-preview":"max-image-preview:large","max-video-preview":"max-video-preview:-1"},"canonical":"https:\/\/s2dapp.sk\/en\/","og_locale":"en_GB","og_type":"article","og_title":"Home - S2D App","og_description":"Projekt s n\u00e1zvom \u201eApp Driven Multisensor Solution: Bridging Sensors to Digits\u201c (akronym S2D App) sa zaober\u00e1 z\u00e1kladn\u00fdm v\u00fdskumom zameran\u00fdm na v\u00fdvoj multisenzora, ktor\u00fd spolu so softv\u00e9rovou aplik\u00e1ciou predstavuje prelomov\u00fa met\u00f3du pre samodiagnostiku pacientov.","og_url":"https:\/\/s2dapp.sk\/en\/","og_site_name":"S2D App","article_modified_time":"2025-07-21T13:15:20+00:00","og_image":[{"url":"https:\/\/vsvk.sk\/wp-content\/uploads\/2024\/08\/cropped-cropped-cropped-logo3-1-1-150x150.png","type":"","width":"","height":""}],"twitter_card":"summary_large_image","twitter_misc":{"Estimated reading time":"2 minutes"},"schema":{"@context":"https:\/\/schema.org","@graph":[{"@type":"WebPage","@id":"https:\/\/s2dapp.sk\/","url":"https:\/\/s2dapp.sk\/","name":"Home - S2D App","isPartOf":{"@id":"https:\/\/s2dapp.sk\/#website"},"primaryImageOfPage":{"@id":"https:\/\/s2dapp.sk\/#primaryimage"},"image":{"@id":"https:\/\/s2dapp.sk\/#primaryimage"},"thumbnailUrl":"https:\/\/vsvk.sk\/wp-content\/uploads\/2024\/08\/cropped-cropped-cropped-logo3-1-1-150x150.png","datePublished":"2024-08-28T10:59:21+00:00","dateModified":"2025-07-21T13:15:20+00:00","description":"Projekt s n\u00e1zvom \u201eApp Driven Multisensor Solution: Bridging Sensors to Digits\u201c (akronym S2D App) sa zaober\u00e1 z\u00e1kladn\u00fdm v\u00fdskumom zameran\u00fdm na v\u00fdvoj multisenzora, ktor\u00fd spolu so softv\u00e9rovou aplik\u00e1ciou predstavuje prelomov\u00fa met\u00f3du pre samodiagnostiku pacientov.","breadcrumb":{"@id":"https:\/\/s2dapp.sk\/#breadcrumb"},"inLanguage":"en-GB","potentialAction":[{"@type":"ReadAction","target":["https:\/\/s2dapp.sk\/"]}]},{"@type":"ImageObject","inLanguage":"en-GB","@id":"https:\/\/s2dapp.sk\/#primaryimage","url":"https:\/\/vsvk.sk\/wp-content\/uploads\/2024\/08\/cropped-cropped-cropped-logo3-1-1-150x150.png","contentUrl":"https:\/\/vsvk.sk\/wp-content\/uploads\/2024\/08\/cropped-cropped-cropped-logo3-1-1-150x150.png"},{"@type":"BreadcrumbList","@id":"https:\/\/s2dapp.sk\/#breadcrumb","itemListElement":[{"@type":"ListItem","position":1,"name":"Domovsk\u00e1 str\u00e1nka","item":"https:\/\/s2dapp.sk\/"},{"@type":"ListItem","position":2,"name":"Home"}]},{"@type":"WebSite","@id":"https:\/\/s2dapp.sk\/#website","url":"https:\/\/s2dapp.sk\/","name":"S2D App","description":"","publisher":{"@id":"https:\/\/s2dapp.sk\/#organization"},"potentialAction":[{"@type":"SearchAction","target":{"@type":"EntryPoint","urlTemplate":"https:\/\/s2dapp.sk\/?s={search_term_string}"},"query-input":{"@type":"PropertyValueSpecification","valueRequired":true,"valueName":"search_term_string"}}],"inLanguage":"en-GB"},{"@type":"Organization","@id":"https:\/\/s2dapp.sk\/#organization","name":"S2D App","url":"https:\/\/s2dapp.sk\/","logo":{"@type":"ImageObject","inLanguage":"en-GB","@id":"https:\/\/s2dapp.sk\/#\/schema\/logo\/image\/","url":"https:\/\/s2dapp.sk\/wp-content\/uploads\/2024\/08\/sd2app-2-1.png","contentUrl":"https:\/\/s2dapp.sk\/wp-content\/uploads\/2024\/08\/sd2app-2-1.png","width":336,"height":351,"caption":"S2D App"},"image":{"@id":"https:\/\/s2dapp.sk\/#\/schema\/logo\/image\/"}}]}},"_links":{"self":[{"href":"https:\/\/s2dapp.sk\/en\/wp-json\/wp\/v2\/pages\/115","targetHints":{"allow":["GET"]}}],"collection":[{"href":"https:\/\/s2dapp.sk\/en\/wp-json\/wp\/v2\/pages"}],"about":[{"href":"https:\/\/s2dapp.sk\/en\/wp-json\/wp\/v2\/types\/page"}],"author":[{"embeddable":true,"href":"https:\/\/s2dapp.sk\/en\/wp-json\/wp\/v2\/users\/3"}],"replies":[{"embeddable":true,"href":"https:\/\/s2dapp.sk\/en\/wp-json\/wp\/v2\/comments?post=115"}],"version-history":[{"count":0,"href":"https:\/\/s2dapp.sk\/en\/wp-json\/wp\/v2\/pages\/115\/revisions"}],"wp:attachment":[{"href":"https:\/\/s2dapp.sk\/en\/wp-json\/wp\/v2\/media?parent=115"}],"curies":[{"name":"wp","href":"https:\/\/api.w.org\/{rel}","templated":true}]}}